{"id":3538,"date":"2025-03-03T14:11:40","date_gmt":"2025-03-03T14:11:40","guid":{"rendered":"https:\/\/valkyrie-pole.ch\/?page_id=3538"},"modified":"2025-03-04T15:23:09","modified_gmt":"2025-03-04T15:23:09","slug":"trainerspace","status":"publish","type":"page","link":"https:\/\/valkyrie-pole.ch\/en\/trainerspace\/","title":{"rendered":"TRAINER SPACE"},"content":{"rendered":"<div data-elementor-type=\"wp-page\" data-elementor-id=\"3538\" class=\"elementor elementor-3538\">\n\t\t\t\t\t\t<section class=\"elementor-section elementor-top-section elementor-element elementor-element-6929420 elementor-section-boxed elementor-section-height-default elementor-section-height-default\" data-id=\"6929420\" data-element_type=\"section\" data-settings=\"{&quot;background_background&quot;:&quot;classic&quot;}\">\n\t\t\t\t\t\t<div class=\"elementor-container elementor-column-gap-default\">\n\t\t\t\t\t<div class=\"elementor-column elementor-col-100 elementor-top-column elementor-element elementor-element-6559954\" data-id=\"6559954\" data-element_type=\"column\">\n\t\t\t<div class=\"elementor-widget-wrap elementor-element-populated\">\n\t\t\t\t\t\t<div class=\"elementor-element elementor-element-f55739f elementor-widget elementor-widget-heading\" data-id=\"f55739f\" data-element_type=\"widget\" data-widget_type=\"heading.default\">\n\t\t\t\t<div class=\"elementor-widget-container\">\n\t\t\t\t\t<h1 class=\"elementor-heading-title elementor-size-default\">Trainer Space<\/h1>\t\t\t\t<\/div>\n\t\t\t\t<\/div>\n\t\t\t\t\t<\/div>\n\t\t<\/div>\n\t\t\t\t\t<\/div>\n\t\t<\/section>\n\t\t\t\t<section class=\"elementor-section elementor-top-section elementor-element elementor-element-b7de28e elementor-section-boxed elementor-section-height-default elementor-section-height-default\" data-id=\"b7de28e\" data-element_type=\"section\">\n\t\t\t\t\t\t<div class=\"elementor-container elementor-column-gap-default\">\n\t\t\t\t\t<div class=\"elementor-column elementor-col-50 elementor-top-column elementor-element elementor-element-f9f00dd\" data-id=\"f9f00dd\" data-element_type=\"column\">\n\t\t\t<div class=\"elementor-widget-wrap elementor-element-populated\">\n\t\t\t\t\t\t<div class=\"elementor-element elementor-element-a95cad9 elementor-widget elementor-widget-video\" data-id=\"a95cad9\" data-element_type=\"widget\" data-settings=\"{&quot;youtube_url&quot;:&quot;https:\\\/\\\/youtu.be\\\/9GWBohVXyrY?si=6UHsOj9c5sOxT3mW&quot;,&quot;video_type&quot;:&quot;youtube&quot;,&quot;controls&quot;:&quot;yes&quot;}\" data-widget_type=\"video.default\">\n\t\t\t\t<div class=\"elementor-widget-container\">\n\t\t\t\t\t\t\t<div class=\"elementor-wrapper elementor-open-inline\">\n\t\t\t<div class=\"elementor-video\"><\/div>\t\t<\/div>\n\t\t\t\t\t\t<\/div>\n\t\t\t\t<\/div>\n\t\t\t\t\t<\/div>\n\t\t<\/div>\n\t\t\t\t<div class=\"elementor-column elementor-col-50 elementor-top-column elementor-element elementor-element-6deda9e\" data-id=\"6deda9e\" data-element_type=\"column\">\n\t\t\t<div class=\"elementor-widget-wrap elementor-element-populated\">\n\t\t\t\t\t\t<div class=\"elementor-element elementor-element-d3883ef elementor-widget elementor-widget-heading\" data-id=\"d3883ef\" data-element_type=\"widget\" data-widget_type=\"heading.default\">\n\t\t\t\t<div class=\"elementor-widget-container\">\n\t\t\t\t\t<h2 class=\"elementor-heading-title elementor-size-default\">Eversports Manger Tutorial<\/h2>\t\t\t\t<\/div>\n\t\t\t\t<\/div>\n\t\t\t\t<div class=\"elementor-element elementor-element-36c9a07 elementor-widget elementor-widget-text-editor\" data-id=\"36c9a07\" data-element_type=\"widget\" data-widget_type=\"text-editor.default\">\n\t\t\t\t<div class=\"elementor-widget-container\">\n\t\t\t\t\t\t\t\t\t<p data-start=\"132\" data-end=\"327\">\ud83c\udde9\ud83c\uddea Hier findest du exklusive Schulungsvideos, die dir den Umgang mit unseren Systemen erleichtern. Schritt f\u00fcr Schritt zeigen wir dir alles Wichtige \u2013 einfach, verst\u00e4ndlich und jederzeit abrufbar.<\/p><p data-start=\"132\" data-end=\"327\">Lerne, wie du dich schnell und sicher im Eversports Manager anmeldest und verwaltest, um deinen Kursplan zu verwalten und Buchungen im Blick zu behalten.<\/p>\t\t\t\t\t\t\t\t<\/div>\n\t\t\t\t<\/div>\n\t\t\t\t<div class=\"elementor-element elementor-element-0a9ef84 elementor-widget elementor-widget-text-editor\" data-id=\"0a9ef84\" data-element_type=\"widget\" data-widget_type=\"text-editor.default\">\n\t\t\t\t<div class=\"elementor-widget-container\">\n\t\t\t\t\t\t\t\t\t<p data-start=\"56\" data-end=\"249\">\ud83c\uddec\ud83c\udde7 Here you will find exclusive training videos that make it easier for you to navigate our systems. Step by step, we show you everything you need to know \u2013 simple, clear, and available anytime.<\/p><p data-start=\"251\" data-end=\"372\">Learn how to log in and manage the Eversports Manager quickly and securely to keep track of your schedule and bookings.<\/p>\t\t\t\t\t\t\t\t<\/div>\n\t\t\t\t<\/div>\n\t\t\t\t\t<\/div>\n\t\t<\/div>\n\t\t\t\t\t<\/div>\n\t\t<\/section>\n\t\t\t\t<section class=\"elementor-section elementor-top-section elementor-element elementor-element-a2ba805 elementor-section-boxed elementor-section-height-default elementor-section-height-default\" data-id=\"a2ba805\" data-element_type=\"section\">\n\t\t\t\t\t\t<div class=\"elementor-container elementor-column-gap-default\">\n\t\t\t\t\t<div class=\"elementor-column elementor-col-50 elementor-top-column elementor-element elementor-element-879cb3e\" data-id=\"879cb3e\" data-element_type=\"column\">\n\t\t\t<div class=\"elementor-widget-wrap elementor-element-populated\">\n\t\t\t\t\t\t<div class=\"elementor-element elementor-element-d182b6f elementor-widget elementor-widget-video\" data-id=\"d182b6f\" data-element_type=\"widget\" data-settings=\"{&quot;video_type&quot;:&quot;hosted&quot;,&quot;controls&quot;:&quot;yes&quot;}\" data-widget_type=\"video.default\">\n\t\t\t\t<div class=\"elementor-widget-container\">\n\t\t\t\t\t\t\t<div class=\"e-hosted-video elementor-wrapper elementor-open-inline\">\n\t\t\t\t\t<video class=\"elementor-video\" src=\"https:\/\/valkyrie-pole.ch\/wp-content\/uploads\/2025\/03\/Eversports-App-Tutorial.mp4\" controls=\"\" preload=\"metadata\" controlslist=\"nodownload\"><\/video>\n\t\t\t\t<\/div>\n\t\t\t\t\t\t<\/div>\n\t\t\t\t<\/div>\n\t\t\t\t\t<\/div>\n\t\t<\/div>\n\t\t\t\t<div class=\"elementor-column elementor-col-50 elementor-top-column elementor-element elementor-element-2f575f1\" data-id=\"2f575f1\" data-element_type=\"column\">\n\t\t\t<div class=\"elementor-widget-wrap elementor-element-populated\">\n\t\t\t\t\t\t<div class=\"elementor-element elementor-element-64657f0 elementor-widget elementor-widget-heading\" data-id=\"64657f0\" data-element_type=\"widget\" data-widget_type=\"heading.default\">\n\t\t\t\t<div class=\"elementor-widget-container\">\n\t\t\t\t\t<h2 class=\"elementor-heading-title elementor-size-default\">Eversports APP Tutorial<\/h2>\t\t\t\t<\/div>\n\t\t\t\t<\/div>\n\t\t\t\t<div class=\"elementor-element elementor-element-5ed4734 elementor-widget elementor-widget-text-editor\" data-id=\"5ed4734\" data-element_type=\"widget\" data-widget_type=\"text-editor.default\">\n\t\t\t\t<div class=\"elementor-widget-container\">\n\t\t\t\t\t\t\t\t\t<p data-start=\"132\" data-end=\"327\">\ud83c\udde9\ud83c\uddea Hier findest du exklusive Schulungsvideos, die dir den Umgang mit unseren Systemen erleichtern. Schritt f\u00fcr Schritt zeigen wir dir alles Wichtige \u2013 einfach, verst\u00e4ndlich und jederzeit abrufbar.<\/p><p data-start=\"132\" data-end=\"327\">Lerne den Umgang mit der Eversport App, damit du deinen Sch\u00fcler\/innen bei Fragen zur Seite stehen kannst.<\/p>\t\t\t\t\t\t\t\t<\/div>\n\t\t\t\t<\/div>\n\t\t\t\t<div class=\"elementor-element elementor-element-7ac84b8 elementor-widget elementor-widget-text-editor\" data-id=\"7ac84b8\" data-element_type=\"widget\" data-widget_type=\"text-editor.default\">\n\t\t\t\t<div class=\"elementor-widget-container\">\n\t\t\t\t\t\t\t\t\t<p data-start=\"56\" data-end=\"249\">\ud83c\uddec\ud83c\udde7 Here you will find exclusive training videos that make it easier for you to navigate our systems. Step by step, we show you everything you need to know \u2013 simple, clear, and available anytime.<\/p><p data-start=\"251\" data-end=\"372\">Learn how to use the Eversport app so that you can help your students with questions.<\/p>\t\t\t\t\t\t\t\t<\/div>\n\t\t\t\t<\/div>\n\t\t\t\t\t<\/div>\n\t\t<\/div>\n\t\t\t\t\t<\/div>\n\t\t<\/section>\n\t\t\t\t<section class=\"elementor-section elementor-top-section elementor-element elementor-element-2dc30f7 elementor-section-boxed elementor-section-height-default elementor-section-height-default\" data-id=\"2dc30f7\" data-element_type=\"section\">\n\t\t\t\t\t\t<div class=\"elementor-container elementor-column-gap-default\">\n\t\t\t\t\t<div class=\"elementor-column elementor-col-50 elementor-top-column elementor-element elementor-element-8a5e552\" data-id=\"8a5e552\" data-element_type=\"column\">\n\t\t\t<div class=\"elementor-widget-wrap elementor-element-populated\">\n\t\t\t\t\t\t<div class=\"elementor-element elementor-element-b4cd52f elementor-widget elementor-widget-video\" data-id=\"b4cd52f\" data-element_type=\"widget\" data-settings=\"{&quot;video_type&quot;:&quot;hosted&quot;,&quot;controls&quot;:&quot;yes&quot;}\" data-widget_type=\"video.default\">\n\t\t\t\t<div class=\"elementor-widget-container\">\n\t\t\t\t\t\t\t<div class=\"e-hosted-video elementor-wrapper elementor-open-inline\">\n\t\t\t\t\t<video class=\"elementor-video\" src=\"https:\/\/valkyrie-pole.ch\/wp-content\/uploads\/2025\/03\/Pole-Cleaning-Tutorial.mp4\" controls=\"\" preload=\"metadata\" controlslist=\"nodownload\"><\/video>\n\t\t\t\t<\/div>\n\t\t\t\t\t\t<\/div>\n\t\t\t\t<\/div>\n\t\t\t\t\t<\/div>\n\t\t<\/div>\n\t\t\t\t<div class=\"elementor-column elementor-col-50 elementor-top-column elementor-element elementor-element-63744a0\" data-id=\"63744a0\" data-element_type=\"column\">\n\t\t\t<div class=\"elementor-widget-wrap elementor-element-populated\">\n\t\t\t\t\t\t<div class=\"elementor-element elementor-element-983613a elementor-widget elementor-widget-heading\" data-id=\"983613a\" data-element_type=\"widget\" data-widget_type=\"heading.default\">\n\t\t\t\t<div class=\"elementor-widget-container\">\n\t\t\t\t\t<h2 class=\"elementor-heading-title elementor-size-default\">Pole Cleaning Tutorial<\/h2>\t\t\t\t<\/div>\n\t\t\t\t<\/div>\n\t\t\t\t<div class=\"elementor-element elementor-element-2e66973 elementor-widget elementor-widget-text-editor\" data-id=\"2e66973\" data-element_type=\"widget\" data-widget_type=\"text-editor.default\">\n\t\t\t\t<div class=\"elementor-widget-container\">\n\t\t\t\t\t\t\t\t\t<p data-start=\"132\" data-end=\"327\">\ud83c\udde9\ud83c\uddea Hier findest du exklusive Schulungsvideos, die dir den Umgang mit unseren Systemen erleichtern. Schritt f\u00fcr Schritt zeigen wir dir alles Wichtige \u2013 einfach, verst\u00e4ndlich und jederzeit abrufbar.<\/p><p data-start=\"132\" data-end=\"327\">Lerne wie verschiedene Poles korrekt gereinigt werden.<\/p>\t\t\t\t\t\t\t\t<\/div>\n\t\t\t\t<\/div>\n\t\t\t\t<div class=\"elementor-element elementor-element-231ac07 elementor-widget elementor-widget-text-editor\" data-id=\"231ac07\" data-element_type=\"widget\" data-widget_type=\"text-editor.default\">\n\t\t\t\t<div class=\"elementor-widget-container\">\n\t\t\t\t\t\t\t\t\t<p data-start=\"56\" data-end=\"249\">\ud83c\uddec\ud83c\udde7 Here you will find exclusive training videos that make it easier for you to navigate our systems. Step by step, we show you everything you need to know \u2013 simple, clear, and available anytime.<\/p><p data-start=\"251\" data-end=\"372\">Learn how to clean different poles correctly.<\/p>\t\t\t\t\t\t\t\t<\/div>\n\t\t\t\t<\/div>\n\t\t\t\t\t<\/div>\n\t\t<\/div>\n\t\t\t\t\t<\/div>\n\t\t<\/section>\n\t\t\t\t<section class=\"elementor-section elementor-top-section elementor-element elementor-element-9dc3d19 elementor-section-boxed elementor-section-height-default elementor-section-height-default\" data-id=\"9dc3d19\" data-element_type=\"section\">\n\t\t\t\t\t\t<div class=\"elementor-container elementor-column-gap-default\">\n\t\t\t\t\t<div class=\"elementor-column elementor-col-50 elementor-top-column elementor-element elementor-element-26828b0\" data-id=\"26828b0\" data-element_type=\"column\">\n\t\t\t<div class=\"elementor-widget-wrap elementor-element-populated\">\n\t\t\t\t\t\t<div class=\"elementor-element elementor-element-9bffee6 elementor-widget elementor-widget-video\" data-id=\"9bffee6\" data-element_type=\"widget\" data-settings=\"{&quot;video_type&quot;:&quot;hosted&quot;,&quot;controls&quot;:&quot;yes&quot;}\" data-widget_type=\"video.default\">\n\t\t\t\t<div class=\"elementor-widget-container\">\n\t\t\t\t\t\t\t<div class=\"e-hosted-video elementor-wrapper elementor-open-inline\">\n\t\t\t\t\t<video class=\"elementor-video\" src=\"https:\/\/valkyrie-pole.ch\/wp-content\/uploads\/2025\/03\/Cleaning-Robot-Tutorial.mp4\" controls=\"\" preload=\"metadata\" controlslist=\"nodownload\"><\/video>\n\t\t\t\t<\/div>\n\t\t\t\t\t\t<\/div>\n\t\t\t\t<\/div>\n\t\t\t\t\t<\/div>\n\t\t<\/div>\n\t\t\t\t<div class=\"elementor-column elementor-col-50 elementor-top-column elementor-element elementor-element-5a39df8\" data-id=\"5a39df8\" data-element_type=\"column\">\n\t\t\t<div class=\"elementor-widget-wrap elementor-element-populated\">\n\t\t\t\t\t\t<div class=\"elementor-element elementor-element-3e72e74 elementor-widget elementor-widget-heading\" data-id=\"3e72e74\" data-element_type=\"widget\" data-widget_type=\"heading.default\">\n\t\t\t\t<div class=\"elementor-widget-container\">\n\t\t\t\t\t<h2 class=\"elementor-heading-title elementor-size-default\">Cleaning Robot Z\u00fcrich Tutorial<\/h2>\t\t\t\t<\/div>\n\t\t\t\t<\/div>\n\t\t\t\t<div class=\"elementor-element elementor-element-a03cebc elementor-widget elementor-widget-text-editor\" data-id=\"a03cebc\" data-element_type=\"widget\" data-widget_type=\"text-editor.default\">\n\t\t\t\t<div class=\"elementor-widget-container\">\n\t\t\t\t\t\t\t\t\t<p data-start=\"132\" data-end=\"327\">\ud83c\udde9\ud83c\uddea Hier findest du exklusive Schulungsvideos, die dir den Umgang mit unseren Systemen erleichtern. Schritt f\u00fcr Schritt zeigen wir dir alles Wichtige \u2013 einfach, verst\u00e4ndlich und jederzeit abrufbar.<\/p><p data-start=\"132\" data-end=\"327\">Lerne wie du deine Pflicht als Trainer\/in erf\u00fcllst und das Studio sauberhalten kannst mit dem Reinigungsroboter.<\/p>\t\t\t\t\t\t\t\t<\/div>\n\t\t\t\t<\/div>\n\t\t\t\t<div class=\"elementor-element elementor-element-8038d95 elementor-widget elementor-widget-text-editor\" data-id=\"8038d95\" data-element_type=\"widget\" data-widget_type=\"text-editor.default\">\n\t\t\t\t<div class=\"elementor-widget-container\">\n\t\t\t\t\t\t\t\t\t<p data-start=\"56\" data-end=\"249\">\ud83c\uddec\ud83c\udde7 Here you will find exclusive training videos that will make it easier for you to use our systems. We show you everything you need to know step by step &#8211; simple, easy to understand and accessible at any time.<\/p><p>Learn how to fulfill your duty as a trainer and keep the studio clean with the cleaning robot.<\/p>\t\t\t\t\t\t\t\t<\/div>\n\t\t\t\t<\/div>\n\t\t\t\t\t<\/div>\n\t\t<\/div>\n\t\t\t\t\t<\/div>\n\t\t<\/section>\n\t\t\t\t<section class=\"elementor-section elementor-top-section elementor-element elementor-element-0d325ad elementor-section-boxed elementor-section-height-default elementor-section-height-default\" data-id=\"0d325ad\" data-element_type=\"section\">\n\t\t\t\t\t\t<div class=\"elementor-container elementor-column-gap-default\">\n\t\t\t\t\t<div class=\"elementor-column elementor-col-50 elementor-top-column elementor-element elementor-element-05ad28f\" data-id=\"05ad28f\" data-element_type=\"column\">\n\t\t\t<div class=\"elementor-widget-wrap elementor-element-populated\">\n\t\t\t\t\t\t<div class=\"elementor-element elementor-element-64939ee elementor-widget elementor-widget-video\" data-id=\"64939ee\" data-element_type=\"widget\" data-settings=\"{&quot;video_type&quot;:&quot;hosted&quot;,&quot;controls&quot;:&quot;yes&quot;}\" data-widget_type=\"video.default\">\n\t\t\t\t<div class=\"elementor-widget-container\">\n\t\t\t\t\t\t\t<div class=\"e-hosted-video elementor-wrapper elementor-open-inline\">\n\t\t\t\t\t<video class=\"elementor-video\" src=\"https:\/\/valkyrie-pole.ch\/wp-content\/uploads\/2025\/03\/Zurich-Door-closing-or-locked-out.mp4\" controls=\"\" preload=\"metadata\" controlslist=\"nodownload\"><\/video>\n\t\t\t\t<\/div>\n\t\t\t\t\t\t<\/div>\n\t\t\t\t<\/div>\n\t\t\t\t\t<\/div>\n\t\t<\/div>\n\t\t\t\t<div class=\"elementor-column elementor-col-50 elementor-top-column elementor-element elementor-element-22e9432\" data-id=\"22e9432\" data-element_type=\"column\">\n\t\t\t<div class=\"elementor-widget-wrap elementor-element-populated\">\n\t\t\t\t\t\t<div class=\"elementor-element elementor-element-be86f09 elementor-widget elementor-widget-heading\" data-id=\"be86f09\" data-element_type=\"widget\" data-widget_type=\"heading.default\">\n\t\t\t\t<div class=\"elementor-widget-container\">\n\t\t\t\t\t<h2 class=\"elementor-heading-title elementor-size-default\">Z\u00fcrich Door &amp; Lock Out Tutorial<\/h2>\t\t\t\t<\/div>\n\t\t\t\t<\/div>\n\t\t\t\t<div class=\"elementor-element elementor-element-11cb74b elementor-widget elementor-widget-text-editor\" data-id=\"11cb74b\" data-element_type=\"widget\" data-widget_type=\"text-editor.default\">\n\t\t\t\t<div class=\"elementor-widget-container\">\n\t\t\t\t\t\t\t\t\t<p data-start=\"132\" data-end=\"327\">\ud83c\udde9\ud83c\uddea Hast du dich ausgeschlossen oder ben\u00f6tigdt Hilfe mit der T\u00fcr im Z\u00fcrcher Studio an der Baslerstrasse 30?<br \/>Hier das korrekte Vorgehen und deine Anlaufstelle, falls du dich selbst ausgeschlossen hast.<\/p>\t\t\t\t\t\t\t\t<\/div>\n\t\t\t\t<\/div>\n\t\t\t\t<div class=\"elementor-element elementor-element-06a6bb1 elementor-widget elementor-widget-text-editor\" data-id=\"06a6bb1\" data-element_type=\"widget\" data-widget_type=\"text-editor.default\">\n\t\t\t\t<div class=\"elementor-widget-container\">\n\t\t\t\t\t\t\t\t\t<p data-start=\"56\" data-end=\"249\">\ud83c\uddec\ud83c\udde7 Have you locked yourself out or need help with the door at the Zurich studio at Baslerstrasse 30?<br \/>Here is the correct procedure and your point of contact if you have locked yourself out.<\/p>\t\t\t\t\t\t\t\t<\/div>\n\t\t\t\t<\/div>\n\t\t\t\t\t<\/div>\n\t\t<\/div>\n\t\t\t\t\t<\/div>\n\t\t<\/section>\n\t\t\t\t<\/div>","protected":false},"excerpt":{"rendered":"<p>Trainer Space Eversports Manger Tutorial \ud83c\udde9\ud83c\uddea Hier findest du exklusive Schulungsvideos, die dir den Umgang mit unseren Systemen erleichtern. Schritt f\u00fcr Schritt zeigen wir dir alles Wichtige \u2013 einfach, verst\u00e4ndlich und jederzeit abrufbar. Lerne, wie du dich schnell und sicher im Eversports Manager anmeldest und verwaltest, um deinen Kursplan zu verwalten und Buchungen im Blick [&hellip;]<\/p>","protected":false},"author":3,"featured_media":0,"parent":0,"menu_order":0,"comment_status":"closed","ping_status":"closed","template":"","meta":{"_acf_changed":false,"footnotes":""},"class_list":["post-3538","page","type-page","status-publish","hentry"],"acf":[],"yoast_head":"<!-- This site is optimized with the Yoast SEO plugin v26.6 - https:\/\/yoast.com\/wordpress\/plugins\/seo\/ -->\n<title>TRAINER SPACE - valkyrie-pole.ch<\/title>\n<meta name=\"robots\" content=\"index, follow, max-snippet:-1, max-image-preview:large, max-video-preview:-1\" \/>\n<link rel=\"canonical\" href=\"https:\/\/valkyrie-pole.ch\/en\/trainerspace\/\" \/>\n<meta property=\"og:locale\" content=\"en_GB\" \/>\n<meta property=\"og:type\" content=\"article\" \/>\n<meta property=\"og:title\" content=\"TRAINER SPACE - valkyrie-pole.ch\" \/>\n<meta property=\"og:description\" content=\"Trainer Space Eversports Manger Tutorial \ud83c\udde9\ud83c\uddea Hier findest du exklusive Schulungsvideos, die dir den Umgang mit unseren Systemen erleichtern. Schritt f\u00fcr Schritt zeigen wir dir alles Wichtige \u2013 einfach, verst\u00e4ndlich und jederzeit abrufbar. Lerne, wie du dich schnell und sicher im Eversports Manager anmeldest und verwaltest, um deinen Kursplan zu verwalten und Buchungen im Blick [&hellip;]\" \/>\n<meta property=\"og:url\" content=\"https:\/\/valkyrie-pole.ch\/en\/trainerspace\/\" \/>\n<meta property=\"og:site_name\" content=\"valkyrie-pole.ch\" \/>\n<meta property=\"article:modified_time\" content=\"2025-03-04T15:23:09+00:00\" \/>\n<meta name=\"twitter:card\" content=\"summary_large_image\" \/>\n<meta name=\"twitter:label1\" content=\"Estimated reading time\" \/>\n\t<meta name=\"twitter:data1\" content=\"3 minutes\" \/>\n<script type=\"application\/ld+json\" class=\"yoast-schema-graph\">{\"@context\":\"https:\/\/schema.org\",\"@graph\":[{\"@type\":\"WebPage\",\"@id\":\"https:\/\/valkyrie-pole.ch\/trainerspace\/\",\"url\":\"https:\/\/valkyrie-pole.ch\/trainerspace\/\",\"name\":\"TRAINER SPACE - valkyrie-pole.ch\",\"isPartOf\":{\"@id\":\"https:\/\/valkyrie-pole.ch\/#website\"},\"datePublished\":\"2025-03-03T14:11:40+00:00\",\"dateModified\":\"2025-03-04T15:23:09+00:00\",\"breadcrumb\":{\"@id\":\"https:\/\/valkyrie-pole.ch\/trainerspace\/#breadcrumb\"},\"inLanguage\":\"en-GB\",\"potentialAction\":[{\"@type\":\"ReadAction\",\"target\":[\"https:\/\/valkyrie-pole.ch\/trainerspace\/\"]}]},{\"@type\":\"BreadcrumbList\",\"@id\":\"https:\/\/valkyrie-pole.ch\/trainerspace\/#breadcrumb\",\"itemListElement\":[{\"@type\":\"ListItem\",\"position\":1,\"name\":\"Home\",\"item\":\"https:\/\/valkyrie-pole.ch\/\"},{\"@type\":\"ListItem\",\"position\":2,\"name\":\"TRAINER SPACE\"}]},{\"@type\":\"WebSite\",\"@id\":\"https:\/\/valkyrie-pole.ch\/#website\",\"url\":\"https:\/\/valkyrie-pole.ch\/\",\"name\":\"valkyrie-pole.ch\",\"description\":\"Pole Dance School\",\"publisher\":{\"@id\":\"https:\/\/valkyrie-pole.ch\/#organization\"},\"potentialAction\":[{\"@type\":\"SearchAction\",\"target\":{\"@type\":\"EntryPoint\",\"urlTemplate\":\"https:\/\/valkyrie-pole.ch\/?s={search_term_string}\"},\"query-input\":{\"@type\":\"PropertyValueSpecification\",\"valueRequired\":true,\"valueName\":\"search_term_string\"}}],\"inLanguage\":\"en-GB\"},{\"@type\":\"Organization\",\"@id\":\"https:\/\/valkyrie-pole.ch\/#organization\",\"name\":\"valkyrie-pole.ch\",\"url\":\"https:\/\/valkyrie-pole.ch\/\",\"logo\":{\"@type\":\"ImageObject\",\"inLanguage\":\"en-GB\",\"@id\":\"https:\/\/valkyrie-pole.ch\/#\/schema\/logo\/image\/\",\"url\":\"https:\/\/valkyrie-pole.ch\/wp-content\/uploads\/2021\/05\/cropped-logo-white.png\",\"contentUrl\":\"https:\/\/valkyrie-pole.ch\/wp-content\/uploads\/2021\/05\/cropped-logo-white.png\",\"width\":177,\"height\":150,\"caption\":\"valkyrie-pole.ch\"},\"image\":{\"@id\":\"https:\/\/valkyrie-pole.ch\/#\/schema\/logo\/image\/\"}}]}<\/script>\n<!-- \/ Yoast SEO plugin. -->","yoast_head_json":{"title":"TRAINER SPACE - valkyrie-pole.ch","robots":{"index":"index","follow":"follow","max-snippet":"max-snippet:-1","max-image-preview":"max-image-preview:large","max-video-preview":"max-video-preview:-1"},"canonical":"https:\/\/valkyrie-pole.ch\/en\/trainerspace\/","og_locale":"en_GB","og_type":"article","og_title":"TRAINER SPACE - valkyrie-pole.ch","og_description":"Trainer Space Eversports Manger Tutorial \ud83c\udde9\ud83c\uddea Hier findest du exklusive Schulungsvideos, die dir den Umgang mit unseren Systemen erleichtern. Schritt f\u00fcr Schritt zeigen wir dir alles Wichtige \u2013 einfach, verst\u00e4ndlich und jederzeit abrufbar. Lerne, wie du dich schnell und sicher im Eversports Manager anmeldest und verwaltest, um deinen Kursplan zu verwalten und Buchungen im Blick [&hellip;]","og_url":"https:\/\/valkyrie-pole.ch\/en\/trainerspace\/","og_site_name":"valkyrie-pole.ch","article_modified_time":"2025-03-04T15:23:09+00:00","twitter_card":"summary_large_image","twitter_misc":{"Estimated reading time":"3 minutes"},"schema":{"@context":"https:\/\/schema.org","@graph":[{"@type":"WebPage","@id":"https:\/\/valkyrie-pole.ch\/trainerspace\/","url":"https:\/\/valkyrie-pole.ch\/trainerspace\/","name":"TRAINER SPACE - valkyrie-pole.ch","isPartOf":{"@id":"https:\/\/valkyrie-pole.ch\/#website"},"datePublished":"2025-03-03T14:11:40+00:00","dateModified":"2025-03-04T15:23:09+00:00","breadcrumb":{"@id":"https:\/\/valkyrie-pole.ch\/trainerspace\/#breadcrumb"},"inLanguage":"en-GB","potentialAction":[{"@type":"ReadAction","target":["https:\/\/valkyrie-pole.ch\/trainerspace\/"]}]},{"@type":"BreadcrumbList","@id":"https:\/\/valkyrie-pole.ch\/trainerspace\/#breadcrumb","itemListElement":[{"@type":"ListItem","position":1,"name":"Home","item":"https:\/\/valkyrie-pole.ch\/"},{"@type":"ListItem","position":2,"name":"TRAINER SPACE"}]},{"@type":"WebSite","@id":"https:\/\/valkyrie-pole.ch\/#website","url":"https:\/\/valkyrie-pole.ch\/","name":"valkyrie-pole.ch","description":"Pole Dance School","publisher":{"@id":"https:\/\/valkyrie-pole.ch\/#organization"},"potentialAction":[{"@type":"SearchAction","target":{"@type":"EntryPoint","urlTemplate":"https:\/\/valkyrie-pole.ch\/?s={search_term_string}"},"query-input":{"@type":"PropertyValueSpecification","valueRequired":true,"valueName":"search_term_string"}}],"inLanguage":"en-GB"},{"@type":"Organization","@id":"https:\/\/valkyrie-pole.ch\/#organization","name":"valkyrie-pole.ch","url":"https:\/\/valkyrie-pole.ch\/","logo":{"@type":"ImageObject","inLanguage":"en-GB","@id":"https:\/\/valkyrie-pole.ch\/#\/schema\/logo\/image\/","url":"https:\/\/valkyrie-pole.ch\/wp-content\/uploads\/2021\/05\/cropped-logo-white.png","contentUrl":"https:\/\/valkyrie-pole.ch\/wp-content\/uploads\/2021\/05\/cropped-logo-white.png","width":177,"height":150,"caption":"valkyrie-pole.ch"},"image":{"@id":"https:\/\/valkyrie-pole.ch\/#\/schema\/logo\/image\/"}}]}},"_links":{"self":[{"href":"https:\/\/valkyrie-pole.ch\/en\/wp-json\/wp\/v2\/pages\/3538","targetHints":{"allow":["GET"]}}],"collection":[{"href":"https:\/\/valkyrie-pole.ch\/en\/wp-json\/wp\/v2\/pages"}],"about":[{"href":"https:\/\/valkyrie-pole.ch\/en\/wp-json\/wp\/v2\/types\/page"}],"author":[{"embeddable":true,"href":"https:\/\/valkyrie-pole.ch\/en\/wp-json\/wp\/v2\/users\/3"}],"replies":[{"embeddable":true,"href":"https:\/\/valkyrie-pole.ch\/en\/wp-json\/wp\/v2\/comments?post=3538"}],"version-history":[{"count":54,"href":"https:\/\/valkyrie-pole.ch\/en\/wp-json\/wp\/v2\/pages\/3538\/revisions"}],"predecessor-version":[{"id":3601,"href":"https:\/\/valkyrie-pole.ch\/en\/wp-json\/wp\/v2\/pages\/3538\/revisions\/3601"}],"wp:attachment":[{"href":"https:\/\/valkyrie-pole.ch\/en\/wp-json\/wp\/v2\/media?parent=3538"}],"curies":[{"name":"wp","href":"https:\/\/api.w.org\/{rel}","templated":true}]}}