{"id":1669,"date":"2023-02-27T17:00:40","date_gmt":"2023-02-27T17:00:40","guid":{"rendered":"https:\/\/valkyrie-pole.ch\/product\/sport-top-sun-moon\/"},"modified":"2023-04-17T12:35:54","modified_gmt":"2023-04-17T12:35:54","slug":"sport-top-sun-moon","status":"publish","type":"product","link":"https:\/\/valkyrie-pole.ch\/en\/product\/sport-top-sun-moon\/","title":{"rendered":"Sport Top &#8211; Sun &amp; Moon"},"content":{"rendered":"<p>Unser bequemes Sport Top ist der ideale Trainingsbegleiter an der Pole, im Fitness oder beim Streching.<br \/>\nDer verdichtete Stoff und die zweilagige Vorderseite sowie die Schultertr\u00e4ger bieten guten Halt. So bleibt alles am Platz, auch wenn die Welt Kopf steht. Trotz stabielem Schnitt f\u00fchlt sich der Stoff leicht an und l\u00e4sst dich unbeschwert Tanzen.<\/p>\n<p>\u2022 Verdichteter Stoff: 78% Polyester, 22% Elastan<br \/>\n\u2022 Auskleidung aus Netzstoff: 92 % Polyester, 8 % Elastan<br \/>\n\u2022 Stoffgewicht des verdichteten Stoffs: 280 g\/m\u00b2 und Sport-Netzfutter: 150 g\/m\u00b2<br \/>\n\u2022 Undurchsichtig<br \/>\n\u2022 \u00d6ffnungen f\u00fcr die herausnehmbaren Einlagen, komplett mit Netzstoff ausgekleidet<br \/>\n\u2022 Mit herausnehmbarer Einlage<br \/>\n\u2022 Zweilagige Vorderseite<br \/>\n\u2022 Longline-Silhouette<br \/>\n\u2022 Rohproduktkomponenten bezogen aus Spanien, China, Deutschland, Taiwan und der T\u00fcrkei<\/p>","protected":false},"excerpt":{"rendered":"<p>Unser bequemes Sport Top ist der ideale Trainingsbegleiter an der Pole, im Fitness oder beim Streching. Der verdichtete Stoff und die zweilagige Vorderseite sowie die Schultertr\u00e4ger bieten guten Halt. So bleibt alles am Platz, auch wenn die Welt Kopf steht. Trotz stabielem Schnitt f\u00fchlt sich der Stoff leicht an und l\u00e4sst dich unbeschwert Tanzen. \u2022 [&hellip;]<\/p>","protected":false},"featured_media":2002,"comment_status":"open","ping_status":"closed","template":"","meta":{"_acf_changed":false},"product_brand":[],"product_cat":[69],"product_tag":[],"class_list":{"0":"post-1669","1":"product","2":"type-product","3":"status-publish","4":"has-post-thumbnail","6":"product_cat-sport-top","8":"first","9":"instock","10":"shipping-taxable","11":"purchasable","12":"product-type-variable"},"acf":[],"yoast_head":"<!-- This site is optimized with the Yoast SEO plugin v26.6 - https:\/\/yoast.com\/wordpress\/plugins\/seo\/ -->\n<title>Sport Top - Sun &amp; Moon - valkyrie-pole.ch<\/title>\n<meta name=\"robots\" content=\"index, follow, max-snippet:-1, max-image-preview:large, max-video-preview:-1\" \/>\n<link rel=\"canonical\" href=\"https:\/\/valkyrie-pole.ch\/en\/product\/sport-top-sun-moon\/\" \/>\n<meta property=\"og:locale\" content=\"en_GB\" \/>\n<meta property=\"og:type\" content=\"article\" \/>\n<meta property=\"og:title\" content=\"Sport Top - Sun &amp; Moon - valkyrie-pole.ch\" \/>\n<meta property=\"og:description\" content=\"Unser bequemes Sport Top ist der ideale Trainingsbegleiter an der Pole, im Fitness oder beim Streching. Der verdichtete Stoff und die zweilagige Vorderseite sowie die Schultertr\u00e4ger bieten guten Halt. So bleibt alles am Platz, auch wenn die Welt Kopf steht. Trotz stabielem Schnitt f\u00fchlt sich der Stoff leicht an und l\u00e4sst dich unbeschwert Tanzen. \u2022 [&hellip;]\" \/>\n<meta property=\"og:url\" content=\"https:\/\/valkyrie-pole.ch\/en\/product\/sport-top-sun-moon\/\" \/>\n<meta property=\"og:site_name\" content=\"valkyrie-pole.ch\" \/>\n<meta property=\"article:modified_time\" content=\"2023-04-17T12:35:54+00:00\" \/>\n<meta property=\"og:image\" content=\"https:\/\/valkyrie-pole.ch\/wp-content\/uploads\/2023\/02\/all-over-print-longline-sports-bra-white-front-643d30bd1a5b0.jpg\" \/>\n\t<meta property=\"og:image:width\" content=\"2000\" \/>\n\t<meta property=\"og:image:height\" content=\"2000\" \/>\n\t<meta property=\"og:image:type\" content=\"image\/jpeg\" \/>\n<meta name=\"twitter:card\" content=\"summary_large_image\" \/>\n<meta name=\"twitter:label1\" content=\"Estimated reading time\" \/>\n\t<meta name=\"twitter:data1\" content=\"1 minute\" \/>\n<script type=\"application\/ld+json\" class=\"yoast-schema-graph\">{\"@context\":\"https:\/\/schema.org\",\"@graph\":[{\"@type\":\"WebPage\",\"@id\":\"https:\/\/valkyrie-pole.ch\/product\/sport-top-sun-moon\/\",\"url\":\"https:\/\/valkyrie-pole.ch\/product\/sport-top-sun-moon\/\",\"name\":\"Sport Top - Sun &amp; Moon - valkyrie-pole.ch\",\"isPartOf\":{\"@id\":\"https:\/\/valkyrie-pole.ch\/#website\"},\"primaryImageOfPage\":{\"@id\":\"https:\/\/valkyrie-pole.ch\/product\/sport-top-sun-moon\/#primaryimage\"},\"image\":{\"@id\":\"https:\/\/valkyrie-pole.ch\/product\/sport-top-sun-moon\/#primaryimage\"},\"thumbnailUrl\":\"https:\/\/valkyrie-pole.ch\/wp-content\/uploads\/2023\/02\/all-over-print-longline-sports-bra-white-front-643d30bd1a5b0.jpg\",\"datePublished\":\"2023-02-27T17:00:40+00:00\",\"dateModified\":\"2023-04-17T12:35:54+00:00\",\"breadcrumb\":{\"@id\":\"https:\/\/valkyrie-pole.ch\/product\/sport-top-sun-moon\/#breadcrumb\"},\"inLanguage\":\"en-GB\",\"potentialAction\":[{\"@type\":\"ReadAction\",\"target\":[\"https:\/\/valkyrie-pole.ch\/product\/sport-top-sun-moon\/\"]}]},{\"@type\":\"ImageObject\",\"inLanguage\":\"en-GB\",\"@id\":\"https:\/\/valkyrie-pole.ch\/product\/sport-top-sun-moon\/#primaryimage\",\"url\":\"https:\/\/valkyrie-pole.ch\/wp-content\/uploads\/2023\/02\/all-over-print-longline-sports-bra-white-front-643d30bd1a5b0.jpg\",\"contentUrl\":\"https:\/\/valkyrie-pole.ch\/wp-content\/uploads\/2023\/02\/all-over-print-longline-sports-bra-white-front-643d30bd1a5b0.jpg\",\"width\":2000,\"height\":2000},{\"@type\":\"BreadcrumbList\",\"@id\":\"https:\/\/valkyrie-pole.ch\/product\/sport-top-sun-moon\/#breadcrumb\",\"itemListElement\":[{\"@type\":\"ListItem\",\"position\":1,\"name\":\"Home\",\"item\":\"https:\/\/valkyrie-pole.ch\/\"},{\"@type\":\"ListItem\",\"position\":2,\"name\":\"Shop\",\"item\":\"https:\/\/valkyrie-pole.ch\/shop\/\"},{\"@type\":\"ListItem\",\"position\":3,\"name\":\"Sport Top &#8211; Sun &amp; Moon\"}]},{\"@type\":\"WebSite\",\"@id\":\"https:\/\/valkyrie-pole.ch\/#website\",\"url\":\"https:\/\/valkyrie-pole.ch\/\",\"name\":\"valkyrie-pole.ch\",\"description\":\"Pole Dance School\",\"publisher\":{\"@id\":\"https:\/\/valkyrie-pole.ch\/#organization\"},\"potentialAction\":[{\"@type\":\"SearchAction\",\"target\":{\"@type\":\"EntryPoint\",\"urlTemplate\":\"https:\/\/valkyrie-pole.ch\/?s={search_term_string}\"},\"query-input\":{\"@type\":\"PropertyValueSpecification\",\"valueRequired\":true,\"valueName\":\"search_term_string\"}}],\"inLanguage\":\"en-GB\"},{\"@type\":\"Organization\",\"@id\":\"https:\/\/valkyrie-pole.ch\/#organization\",\"name\":\"valkyrie-pole.ch\",\"url\":\"https:\/\/valkyrie-pole.ch\/\",\"logo\":{\"@type\":\"ImageObject\",\"inLanguage\":\"en-GB\",\"@id\":\"https:\/\/valkyrie-pole.ch\/#\/schema\/logo\/image\/\",\"url\":\"https:\/\/valkyrie-pole.ch\/wp-content\/uploads\/2021\/05\/cropped-logo-white.png\",\"contentUrl\":\"https:\/\/valkyrie-pole.ch\/wp-content\/uploads\/2021\/05\/cropped-logo-white.png\",\"width\":177,\"height\":150,\"caption\":\"valkyrie-pole.ch\"},\"image\":{\"@id\":\"https:\/\/valkyrie-pole.ch\/#\/schema\/logo\/image\/\"}}]}<\/script>\n<!-- \/ Yoast SEO plugin. -->","yoast_head_json":{"title":"Sport Top - Sun &amp; Moon - valkyrie-pole.ch","robots":{"index":"index","follow":"follow","max-snippet":"max-snippet:-1","max-image-preview":"max-image-preview:large","max-video-preview":"max-video-preview:-1"},"canonical":"https:\/\/valkyrie-pole.ch\/en\/product\/sport-top-sun-moon\/","og_locale":"en_GB","og_type":"article","og_title":"Sport Top - Sun &amp; Moon - valkyrie-pole.ch","og_description":"Unser bequemes Sport Top ist der ideale Trainingsbegleiter an der Pole, im Fitness oder beim Streching. Der verdichtete Stoff und die zweilagige Vorderseite sowie die Schultertr\u00e4ger bieten guten Halt. So bleibt alles am Platz, auch wenn die Welt Kopf steht. Trotz stabielem Schnitt f\u00fchlt sich der Stoff leicht an und l\u00e4sst dich unbeschwert Tanzen. \u2022 [&hellip;]","og_url":"https:\/\/valkyrie-pole.ch\/en\/product\/sport-top-sun-moon\/","og_site_name":"valkyrie-pole.ch","article_modified_time":"2023-04-17T12:35:54+00:00","og_image":[{"width":2000,"height":2000,"url":"https:\/\/valkyrie-pole.ch\/wp-content\/uploads\/2023\/02\/all-over-print-longline-sports-bra-white-front-643d30bd1a5b0.jpg","type":"image\/jpeg"}],"twitter_card":"summary_large_image","twitter_misc":{"Estimated reading time":"1 minute"},"schema":{"@context":"https:\/\/schema.org","@graph":[{"@type":"WebPage","@id":"https:\/\/valkyrie-pole.ch\/product\/sport-top-sun-moon\/","url":"https:\/\/valkyrie-pole.ch\/product\/sport-top-sun-moon\/","name":"Sport Top - Sun &amp; Moon - valkyrie-pole.ch","isPartOf":{"@id":"https:\/\/valkyrie-pole.ch\/#website"},"primaryImageOfPage":{"@id":"https:\/\/valkyrie-pole.ch\/product\/sport-top-sun-moon\/#primaryimage"},"image":{"@id":"https:\/\/valkyrie-pole.ch\/product\/sport-top-sun-moon\/#primaryimage"},"thumbnailUrl":"https:\/\/valkyrie-pole.ch\/wp-content\/uploads\/2023\/02\/all-over-print-longline-sports-bra-white-front-643d30bd1a5b0.jpg","datePublished":"2023-02-27T17:00:40+00:00","dateModified":"2023-04-17T12:35:54+00:00","breadcrumb":{"@id":"https:\/\/valkyrie-pole.ch\/product\/sport-top-sun-moon\/#breadcrumb"},"inLanguage":"en-GB","potentialAction":[{"@type":"ReadAction","target":["https:\/\/valkyrie-pole.ch\/product\/sport-top-sun-moon\/"]}]},{"@type":"ImageObject","inLanguage":"en-GB","@id":"https:\/\/valkyrie-pole.ch\/product\/sport-top-sun-moon\/#primaryimage","url":"https:\/\/valkyrie-pole.ch\/wp-content\/uploads\/2023\/02\/all-over-print-longline-sports-bra-white-front-643d30bd1a5b0.jpg","contentUrl":"https:\/\/valkyrie-pole.ch\/wp-content\/uploads\/2023\/02\/all-over-print-longline-sports-bra-white-front-643d30bd1a5b0.jpg","width":2000,"height":2000},{"@type":"BreadcrumbList","@id":"https:\/\/valkyrie-pole.ch\/product\/sport-top-sun-moon\/#breadcrumb","itemListElement":[{"@type":"ListItem","position":1,"name":"Home","item":"https:\/\/valkyrie-pole.ch\/"},{"@type":"ListItem","position":2,"name":"Shop","item":"https:\/\/valkyrie-pole.ch\/shop\/"},{"@type":"ListItem","position":3,"name":"Sport Top &#8211; Sun &amp; Moon"}]},{"@type":"WebSite","@id":"https:\/\/valkyrie-pole.ch\/#website","url":"https:\/\/valkyrie-pole.ch\/","name":"valkyrie-pole.ch","description":"Pole Dance School","publisher":{"@id":"https:\/\/valkyrie-pole.ch\/#organization"},"potentialAction":[{"@type":"SearchAction","target":{"@type":"EntryPoint","urlTemplate":"https:\/\/valkyrie-pole.ch\/?s={search_term_string}"},"query-input":{"@type":"PropertyValueSpecification","valueRequired":true,"valueName":"search_term_string"}}],"inLanguage":"en-GB"},{"@type":"Organization","@id":"https:\/\/valkyrie-pole.ch\/#organization","name":"valkyrie-pole.ch","url":"https:\/\/valkyrie-pole.ch\/","logo":{"@type":"ImageObject","inLanguage":"en-GB","@id":"https:\/\/valkyrie-pole.ch\/#\/schema\/logo\/image\/","url":"https:\/\/valkyrie-pole.ch\/wp-content\/uploads\/2021\/05\/cropped-logo-white.png","contentUrl":"https:\/\/valkyrie-pole.ch\/wp-content\/uploads\/2021\/05\/cropped-logo-white.png","width":177,"height":150,"caption":"valkyrie-pole.ch"},"image":{"@id":"https:\/\/valkyrie-pole.ch\/#\/schema\/logo\/image\/"}}]}},"_links":{"self":[{"href":"https:\/\/valkyrie-pole.ch\/en\/wp-json\/wp\/v2\/product\/1669","targetHints":{"allow":["GET"]}}],"collection":[{"href":"https:\/\/valkyrie-pole.ch\/en\/wp-json\/wp\/v2\/product"}],"about":[{"href":"https:\/\/valkyrie-pole.ch\/en\/wp-json\/wp\/v2\/types\/product"}],"replies":[{"embeddable":true,"href":"https:\/\/valkyrie-pole.ch\/en\/wp-json\/wp\/v2\/comments?post=1669"}],"wp:featuredmedia":[{"embeddable":true,"href":"https:\/\/valkyrie-pole.ch\/en\/wp-json\/wp\/v2\/media\/2002"}],"wp:attachment":[{"href":"https:\/\/valkyrie-pole.ch\/en\/wp-json\/wp\/v2\/media?parent=1669"}],"wp:term":[{"taxonomy":"product_brand","embeddable":true,"href":"https:\/\/valkyrie-pole.ch\/en\/wp-json\/wp\/v2\/product_brand?post=1669"},{"taxonomy":"product_cat","embeddable":true,"href":"https:\/\/valkyrie-pole.ch\/en\/wp-json\/wp\/v2\/product_cat?post=1669"},{"taxonomy":"product_tag","embeddable":true,"href":"https:\/\/valkyrie-pole.ch\/en\/wp-json\/wp\/v2\/product_tag?post=1669"}],"curies":[{"name":"wp","href":"https:\/\/api.w.org\/{rel}","templated":true}]}}