{"id":1816,"date":"2023-02-27T18:00:42","date_gmt":"2023-02-27T18:00:42","guid":{"rendered":"https:\/\/valkyrie-pole.ch\/product\/crop-hoodie-pole-kisses\/"},"modified":"2023-04-17T12:15:55","modified_gmt":"2023-04-17T12:15:55","slug":"crop-hoodie-pole-kisses","status":"publish","type":"product","link":"https:\/\/valkyrie-pole.ch\/en\/product\/crop-hoodie-pole-kisses\/","title":{"rendered":"Crop-Hoodie &#8211; Pole Kisses"},"content":{"rendered":"<p>Wir kennen es doch alle! Hin und wieder passiert es, dass wir Pole Kisses von unserer reitzenden Tanzpartnerin aus Stahl erhalten.<\/p>\n<p>F\u00fcr die k\u00e4lteren Tage eignet sich der Crop-Hoodie ideal zum Trainieren. Der angenehm weiche Stoff w\u00e4rmt dich, wobei du deine ganze Bewegungsfreiheit beibeh\u00e4lst.<br \/>\nUnsere Produkte werden nur dann produziert, wenn du sie wirklich haben m\u00f6chtest. Damit sparen wir unn\u00f6tige Umweltbelastungen ein. Zus\u00e4tzlich spenden wir als Kompensation einen Teil unseres Erl\u00f6ses des Online Shops in Form von Baumpartnerschaften an unsere Stadt Basel.<br \/>\n\u2022 52 % gek\u00e4mmte und ringgesponnene Airlume-Baumwolle, 48 % Polyester-Fleece<br \/>\n\u2022 Stoffgewicht: 220,39 g\/m\u00b2<br \/>\n\u2022 Farblich passender Kordelzug<br \/>\n\u2022 Tiefergesetzte Schultern<br \/>\n\u2022 Abgeschnittener K\u00f6rper mit rohem Saum<br \/>\n\u2022 Rohprodukt bezogen aus Nicaragua, Mexiko oder El Salvador<\/p>","protected":false},"excerpt":{"rendered":"<p>Wir kennen es doch alle! Hin und wieder passiert es, dass wir Pole Kisses von unserer reitzenden Tanzpartnerin aus Stahl erhalten. F\u00fcr die k\u00e4lteren Tage eignet sich der Crop-Hoodie ideal zum Trainieren. Der angenehm weiche Stoff w\u00e4rmt dich, wobei du deine ganze Bewegungsfreiheit beibeh\u00e4lst. Unsere Produkte werden nur dann produziert, wenn du sie wirklich haben [&hellip;]<\/p>","protected":false},"featured_media":1940,"comment_status":"open","ping_status":"closed","template":"","meta":{"_acf_changed":false},"product_brand":[],"product_cat":[70],"product_tag":[],"class_list":{"0":"post-1816","1":"product","2":"type-product","3":"status-publish","4":"has-post-thumbnail","6":"product_cat-crop-top","8":"first","9":"instock","10":"shipping-taxable","11":"purchasable","12":"product-type-variable"},"acf":[],"yoast_head":"<!-- This site is optimized with the Yoast SEO plugin v26.6 - https:\/\/yoast.com\/wordpress\/plugins\/seo\/ -->\n<title>Crop-Hoodie - Pole Kisses - valkyrie-pole.ch<\/title>\n<meta name=\"robots\" content=\"index, follow, max-snippet:-1, max-image-preview:large, max-video-preview:-1\" \/>\n<link rel=\"canonical\" href=\"https:\/\/valkyrie-pole.ch\/en\/product\/crop-hoodie-pole-kisses\/\" \/>\n<meta property=\"og:locale\" content=\"en_GB\" \/>\n<meta property=\"og:type\" content=\"article\" \/>\n<meta property=\"og:title\" content=\"Crop-Hoodie - Pole Kisses - valkyrie-pole.ch\" \/>\n<meta property=\"og:description\" content=\"Wir kennen es doch alle! Hin und wieder passiert es, dass wir Pole Kisses von unserer reitzenden Tanzpartnerin aus Stahl erhalten. F\u00fcr die k\u00e4lteren Tage eignet sich der Crop-Hoodie ideal zum Trainieren. Der angenehm weiche Stoff w\u00e4rmt dich, wobei du deine ganze Bewegungsfreiheit beibeh\u00e4lst. Unsere Produkte werden nur dann produziert, wenn du sie wirklich haben [&hellip;]\" \/>\n<meta property=\"og:url\" content=\"https:\/\/valkyrie-pole.ch\/en\/product\/crop-hoodie-pole-kisses\/\" \/>\n<meta property=\"og:site_name\" content=\"valkyrie-pole.ch\" \/>\n<meta property=\"article:modified_time\" content=\"2023-04-17T12:15:55+00:00\" \/>\n<meta property=\"og:image\" content=\"https:\/\/valkyrie-pole.ch\/wp-content\/uploads\/2023\/02\/womens-cropped-hoodie-black-front-643d2d6e503d4.jpg\" \/>\n\t<meta property=\"og:image:width\" content=\"1000\" \/>\n\t<meta property=\"og:image:height\" content=\"1000\" \/>\n\t<meta property=\"og:image:type\" content=\"image\/jpeg\" \/>\n<meta name=\"twitter:card\" content=\"summary_large_image\" \/>\n<meta name=\"twitter:label1\" content=\"Estimated reading time\" \/>\n\t<meta name=\"twitter:data1\" content=\"1 minute\" \/>\n<script type=\"application\/ld+json\" class=\"yoast-schema-graph\">{\"@context\":\"https:\/\/schema.org\",\"@graph\":[{\"@type\":\"WebPage\",\"@id\":\"https:\/\/valkyrie-pole.ch\/product\/crop-hoodie-pole-kisses\/\",\"url\":\"https:\/\/valkyrie-pole.ch\/product\/crop-hoodie-pole-kisses\/\",\"name\":\"Crop-Hoodie - Pole Kisses - valkyrie-pole.ch\",\"isPartOf\":{\"@id\":\"https:\/\/valkyrie-pole.ch\/#website\"},\"primaryImageOfPage\":{\"@id\":\"https:\/\/valkyrie-pole.ch\/product\/crop-hoodie-pole-kisses\/#primaryimage\"},\"image\":{\"@id\":\"https:\/\/valkyrie-pole.ch\/product\/crop-hoodie-pole-kisses\/#primaryimage\"},\"thumbnailUrl\":\"https:\/\/valkyrie-pole.ch\/wp-content\/uploads\/2023\/02\/womens-cropped-hoodie-black-front-643d2d6e503d4.jpg\",\"datePublished\":\"2023-02-27T18:00:42+00:00\",\"dateModified\":\"2023-04-17T12:15:55+00:00\",\"breadcrumb\":{\"@id\":\"https:\/\/valkyrie-pole.ch\/product\/crop-hoodie-pole-kisses\/#breadcrumb\"},\"inLanguage\":\"en-GB\",\"potentialAction\":[{\"@type\":\"ReadAction\",\"target\":[\"https:\/\/valkyrie-pole.ch\/product\/crop-hoodie-pole-kisses\/\"]}]},{\"@type\":\"ImageObject\",\"inLanguage\":\"en-GB\",\"@id\":\"https:\/\/valkyrie-pole.ch\/product\/crop-hoodie-pole-kisses\/#primaryimage\",\"url\":\"https:\/\/valkyrie-pole.ch\/wp-content\/uploads\/2023\/02\/womens-cropped-hoodie-black-front-643d2d6e503d4.jpg\",\"contentUrl\":\"https:\/\/valkyrie-pole.ch\/wp-content\/uploads\/2023\/02\/womens-cropped-hoodie-black-front-643d2d6e503d4.jpg\",\"width\":1000,\"height\":1000},{\"@type\":\"BreadcrumbList\",\"@id\":\"https:\/\/valkyrie-pole.ch\/product\/crop-hoodie-pole-kisses\/#breadcrumb\",\"itemListElement\":[{\"@type\":\"ListItem\",\"position\":1,\"name\":\"Home\",\"item\":\"https:\/\/valkyrie-pole.ch\/\"},{\"@type\":\"ListItem\",\"position\":2,\"name\":\"Shop\",\"item\":\"https:\/\/valkyrie-pole.ch\/shop\/\"},{\"@type\":\"ListItem\",\"position\":3,\"name\":\"Crop-Hoodie &#8211; Pole Kisses\"}]},{\"@type\":\"WebSite\",\"@id\":\"https:\/\/valkyrie-pole.ch\/#website\",\"url\":\"https:\/\/valkyrie-pole.ch\/\",\"name\":\"valkyrie-pole.ch\",\"description\":\"Pole Dance School\",\"publisher\":{\"@id\":\"https:\/\/valkyrie-pole.ch\/#organization\"},\"potentialAction\":[{\"@type\":\"SearchAction\",\"target\":{\"@type\":\"EntryPoint\",\"urlTemplate\":\"https:\/\/valkyrie-pole.ch\/?s={search_term_string}\"},\"query-input\":{\"@type\":\"PropertyValueSpecification\",\"valueRequired\":true,\"valueName\":\"search_term_string\"}}],\"inLanguage\":\"en-GB\"},{\"@type\":\"Organization\",\"@id\":\"https:\/\/valkyrie-pole.ch\/#organization\",\"name\":\"valkyrie-pole.ch\",\"url\":\"https:\/\/valkyrie-pole.ch\/\",\"logo\":{\"@type\":\"ImageObject\",\"inLanguage\":\"en-GB\",\"@id\":\"https:\/\/valkyrie-pole.ch\/#\/schema\/logo\/image\/\",\"url\":\"https:\/\/valkyrie-pole.ch\/wp-content\/uploads\/2021\/05\/cropped-logo-white.png\",\"contentUrl\":\"https:\/\/valkyrie-pole.ch\/wp-content\/uploads\/2021\/05\/cropped-logo-white.png\",\"width\":177,\"height\":150,\"caption\":\"valkyrie-pole.ch\"},\"image\":{\"@id\":\"https:\/\/valkyrie-pole.ch\/#\/schema\/logo\/image\/\"}}]}<\/script>\n<!-- \/ Yoast SEO plugin. -->","yoast_head_json":{"title":"Crop-Hoodie - Pole Kisses - valkyrie-pole.ch","robots":{"index":"index","follow":"follow","max-snippet":"max-snippet:-1","max-image-preview":"max-image-preview:large","max-video-preview":"max-video-preview:-1"},"canonical":"https:\/\/valkyrie-pole.ch\/en\/product\/crop-hoodie-pole-kisses\/","og_locale":"en_GB","og_type":"article","og_title":"Crop-Hoodie - Pole Kisses - valkyrie-pole.ch","og_description":"Wir kennen es doch alle! Hin und wieder passiert es, dass wir Pole Kisses von unserer reitzenden Tanzpartnerin aus Stahl erhalten. F\u00fcr die k\u00e4lteren Tage eignet sich der Crop-Hoodie ideal zum Trainieren. Der angenehm weiche Stoff w\u00e4rmt dich, wobei du deine ganze Bewegungsfreiheit beibeh\u00e4lst. Unsere Produkte werden nur dann produziert, wenn du sie wirklich haben [&hellip;]","og_url":"https:\/\/valkyrie-pole.ch\/en\/product\/crop-hoodie-pole-kisses\/","og_site_name":"valkyrie-pole.ch","article_modified_time":"2023-04-17T12:15:55+00:00","og_image":[{"width":1000,"height":1000,"url":"https:\/\/valkyrie-pole.ch\/wp-content\/uploads\/2023\/02\/womens-cropped-hoodie-black-front-643d2d6e503d4.jpg","type":"image\/jpeg"}],"twitter_card":"summary_large_image","twitter_misc":{"Estimated reading time":"1 minute"},"schema":{"@context":"https:\/\/schema.org","@graph":[{"@type":"WebPage","@id":"https:\/\/valkyrie-pole.ch\/product\/crop-hoodie-pole-kisses\/","url":"https:\/\/valkyrie-pole.ch\/product\/crop-hoodie-pole-kisses\/","name":"Crop-Hoodie - Pole Kisses - valkyrie-pole.ch","isPartOf":{"@id":"https:\/\/valkyrie-pole.ch\/#website"},"primaryImageOfPage":{"@id":"https:\/\/valkyrie-pole.ch\/product\/crop-hoodie-pole-kisses\/#primaryimage"},"image":{"@id":"https:\/\/valkyrie-pole.ch\/product\/crop-hoodie-pole-kisses\/#primaryimage"},"thumbnailUrl":"https:\/\/valkyrie-pole.ch\/wp-content\/uploads\/2023\/02\/womens-cropped-hoodie-black-front-643d2d6e503d4.jpg","datePublished":"2023-02-27T18:00:42+00:00","dateModified":"2023-04-17T12:15:55+00:00","breadcrumb":{"@id":"https:\/\/valkyrie-pole.ch\/product\/crop-hoodie-pole-kisses\/#breadcrumb"},"inLanguage":"en-GB","potentialAction":[{"@type":"ReadAction","target":["https:\/\/valkyrie-pole.ch\/product\/crop-hoodie-pole-kisses\/"]}]},{"@type":"ImageObject","inLanguage":"en-GB","@id":"https:\/\/valkyrie-pole.ch\/product\/crop-hoodie-pole-kisses\/#primaryimage","url":"https:\/\/valkyrie-pole.ch\/wp-content\/uploads\/2023\/02\/womens-cropped-hoodie-black-front-643d2d6e503d4.jpg","contentUrl":"https:\/\/valkyrie-pole.ch\/wp-content\/uploads\/2023\/02\/womens-cropped-hoodie-black-front-643d2d6e503d4.jpg","width":1000,"height":1000},{"@type":"BreadcrumbList","@id":"https:\/\/valkyrie-pole.ch\/product\/crop-hoodie-pole-kisses\/#breadcrumb","itemListElement":[{"@type":"ListItem","position":1,"name":"Home","item":"https:\/\/valkyrie-pole.ch\/"},{"@type":"ListItem","position":2,"name":"Shop","item":"https:\/\/valkyrie-pole.ch\/shop\/"},{"@type":"ListItem","position":3,"name":"Crop-Hoodie &#8211; Pole Kisses"}]},{"@type":"WebSite","@id":"https:\/\/valkyrie-pole.ch\/#website","url":"https:\/\/valkyrie-pole.ch\/","name":"valkyrie-pole.ch","description":"Pole Dance School","publisher":{"@id":"https:\/\/valkyrie-pole.ch\/#organization"},"potentialAction":[{"@type":"SearchAction","target":{"@type":"EntryPoint","urlTemplate":"https:\/\/valkyrie-pole.ch\/?s={search_term_string}"},"query-input":{"@type":"PropertyValueSpecification","valueRequired":true,"valueName":"search_term_string"}}],"inLanguage":"en-GB"},{"@type":"Organization","@id":"https:\/\/valkyrie-pole.ch\/#organization","name":"valkyrie-pole.ch","url":"https:\/\/valkyrie-pole.ch\/","logo":{"@type":"ImageObject","inLanguage":"en-GB","@id":"https:\/\/valkyrie-pole.ch\/#\/schema\/logo\/image\/","url":"https:\/\/valkyrie-pole.ch\/wp-content\/uploads\/2021\/05\/cropped-logo-white.png","contentUrl":"https:\/\/valkyrie-pole.ch\/wp-content\/uploads\/2021\/05\/cropped-logo-white.png","width":177,"height":150,"caption":"valkyrie-pole.ch"},"image":{"@id":"https:\/\/valkyrie-pole.ch\/#\/schema\/logo\/image\/"}}]}},"_links":{"self":[{"href":"https:\/\/valkyrie-pole.ch\/en\/wp-json\/wp\/v2\/product\/1816","targetHints":{"allow":["GET"]}}],"collection":[{"href":"https:\/\/valkyrie-pole.ch\/en\/wp-json\/wp\/v2\/product"}],"about":[{"href":"https:\/\/valkyrie-pole.ch\/en\/wp-json\/wp\/v2\/types\/product"}],"replies":[{"embeddable":true,"href":"https:\/\/valkyrie-pole.ch\/en\/wp-json\/wp\/v2\/comments?post=1816"}],"wp:featuredmedia":[{"embeddable":true,"href":"https:\/\/valkyrie-pole.ch\/en\/wp-json\/wp\/v2\/media\/1940"}],"wp:attachment":[{"href":"https:\/\/valkyrie-pole.ch\/en\/wp-json\/wp\/v2\/media?parent=1816"}],"wp:term":[{"taxonomy":"product_brand","embeddable":true,"href":"https:\/\/valkyrie-pole.ch\/en\/wp-json\/wp\/v2\/product_brand?post=1816"},{"taxonomy":"product_cat","embeddable":true,"href":"https:\/\/valkyrie-pole.ch\/en\/wp-json\/wp\/v2\/product_cat?post=1816"},{"taxonomy":"product_tag","embeddable":true,"href":"https:\/\/valkyrie-pole.ch\/en\/wp-json\/wp\/v2\/product_tag?post=1816"}],"curies":[{"name":"wp","href":"https:\/\/api.w.org\/{rel}","templated":true}]}}